{"id":18,"date":"2026-05-08T02:39:13","date_gmt":"2026-05-08T02:39:13","guid":{"rendered":"https:\/\/holiverstudio.lat\/services\/"},"modified":"2026-05-08T02:48:03","modified_gmt":"2026-05-08T02:48:03","slug":"services","status":"publish","type":"page","link":"https:\/\/holiverstudio.lat\/es\/services\/","title":{"rendered":"Servicios"},"content":{"rendered":"<div class=\"wp-block-group alignfull is-style-ext-preset--group--natural-1--section has-background-background-color has-background has-global-padding is-layout-constrained wp-container-core-group-is-layout-e955bbaf wp-block-group-is-layout-constrained\" id=\"services\" style=\"margin-top:0;margin-bottom:0;padding-top:var(--wp--preset--spacing--70);padding-bottom:var(--wp--preset--spacing--70)\">\n<h2 class=\"wp-block-heading has-text-align-center ext-animate--on\">Soluciones integrales de estrategia digital<\/h2>\n\n\n\n<p class=\"has-text-align-center ext-animate--on\" style=\"margin-top:1.5rem\">Descubra nuestros servicios especializados, cada uno dise\u00f1ado para impulsar un \u00e9xito medible y mejorar su presencia digital.<\/p>\n\n\n\n<div class=\"wp-block-columns alignwide is-layout-flex wp-container-core-columns-is-layout-08c01c1c wp-block-columns-is-layout-flex\">\n<div class=\"wp-block-column is-vertically-aligned-stretch ext-animate--on is-layout-flow wp-container-core-column-is-layout-f5bb311e wp-block-column-is-layout-flow\">\n<div class=\"wp-block-group is-style-ext-preset--group--natural-1--item-card-1--align-center has-global-padding is-layout-constrained wp-block-group-is-layout-constrained is-style-ext-preset--group--natural-1--item-card-1--align-center--2\">\n<div class=\"wp-block-group is-style-default has-global-padding is-layout-constrained wp-block-group-is-layout-constrained\">\n<figure class=\"wp-block-image aligncenter size-large ext-aspect-landscape wp-duotone-primary-foreground\"><img decoding=\"async\" src=\"data:image\/svg+xml;base64,PHN2ZyB4bWxucz0iaHR0cDovL3d3dy53My5vcmcvMjAwMC9zdmciIHdpZHRoPSI0OCIgaGVpZ2h0PSI0OCIgZmlsbD0iIzAwMDAwMCIgdmlld0JveD0iMCAwIDI1NiAyNTYiPjxwYXRoIGQ9Ik0xNzIsNzZhNDQsNDQsMCwxLDAtNDQsNDRBNDQuMDUsNDQuMDUsMCwwLDAsMTcyLDc2Wm0tNDQsMjhhMjgsMjgsMCwxLDEsMjgtMjhBMjgsMjgsMCwwLDEsMTI4LDEwNFptNjAsMjRhNDQsNDQsMCwxLDAsNDQsNDRBNDQuMDUsNDQuMDUsMCwwLDAsMTg4LDEyOFptMCw3MmEyOCwyOCwwLDEsMSwyOC0yOEEyOCwyOCwwLDAsMSwxODgsMjAwWk02OCwxMjhhNDQsNDQsMCwxLDAsNDQsNDRBNDQuMDUsNDQuMDUsMCwwLDAsNjgsMTI4Wm0wLDcyYTI4LDI4LDAsMSwxLDI4LTI4QTI4LDI4LDAsMCwxLDY4LDIwMFoiPjwvcGF0aD48L3N2Zz4=\" alt=\"\" style=\"object-fit:cover\"\/><\/figure>\n\n\n\n<h3 class=\"wp-block-heading has-text-align-center\">Optimizaci\u00f3n para motores de b\u00fasqueda (SEO)<\/h3>\n\n\n\n<p class=\"has-text-align-center\">Optimiza tu sitio web para que aparezca en los primeros puestos de los resultados de b\u00fasqueda y atraiga tr\u00e1fico org\u00e1nico segmentado.<\/p>\n<\/div>\n<\/div>\n<\/div>\n\n\n\n<div class=\"wp-block-column is-vertically-aligned-stretch ext-animate--on is-layout-flow wp-container-core-column-is-layout-f5bb311e wp-block-column-is-layout-flow\">\n<div class=\"wp-block-group is-style-ext-preset--group--natural-1--item-card-1--align-center has-global-padding is-layout-constrained wp-block-group-is-layout-constrained is-style-ext-preset--group--natural-1--item-card-1--align-center--3\">\n<div class=\"wp-block-group is-style-default has-global-padding is-layout-constrained wp-block-group-is-layout-constrained\">\n<figure class=\"wp-block-image aligncenter size-large ext-aspect-landscape wp-duotone-primary-foreground\"><img decoding=\"async\" src=\"data:image\/svg+xml;base64,PHN2ZyB4bWxucz0iaHR0cDovL3d3dy53My5vcmcvMjAwMC9zdmciIHdpZHRoPSI0OCIgaGVpZ2h0PSI0OCIgZmlsbD0iIzAwMDAwMCIgdmlld0JveD0iMCAwIDI1NiAyNTYiPjxwYXRoIGQ9Ik04MCw0MGE0MCw0MCwwLDEsMCw0MCw0MEE0MCw0MCwwLDAsMCw4MCw0MFptMCw2NGEyNCwyNCwwLDEsMSwyNC0yNEEyNCwyNCwwLDAsMSw4MCwxMDRabTk2LDE2YTQwLDQwLDAsMSwwLTQwLTQwQTQwLDQwLDAsMCwwLDE3NiwxMjBabTAtNjRhMjQsMjQsMCwxLDEtMjQsMjRBMjQsMjQsMCwwLDEsMTc2LDU2Wk04MCwxMzZhNDAsNDAsMCwxLDAsNDAsNDBBNDAsNDAsMCwwLDAsODAsMTM2Wm0wLDY0YTI0LDI0LDAsMSwxLDI0LTI0QTI0LDI0LDAsMCwxLDgwLDIwMFptOTYtNjRhNDAsNDAsMCwxLDAsNDAsNDBBNDAsNDAsMCwwLDAsMTc2LDEzNlptMCw2NGEyNCwyNCwwLDEsMSwyNC0yNEEyNCwyNCwwLDAsMSwxNzYsMjAwWiI+PC9wYXRoPjwvc3ZnPg==\" alt=\"\" style=\"object-fit:cover\"\/><\/figure>\n\n\n\n<h3 class=\"wp-block-heading has-text-align-center\">Dise\u00f1o de interfaz y experiencia de usuario<\/h3>\n\n\n\n<p class=\"has-text-align-center\">Crea dise\u00f1os intuitivos y atractivos que mejoren la satisfacci\u00f3n del usuario y aumenten las tasas de conversi\u00f3n.<\/p>\n<\/div>\n<\/div>\n<\/div>\n\n\n\n<div class=\"wp-block-column is-vertically-aligned-stretch ext-animate--on is-layout-flow wp-container-core-column-is-layout-f5bb311e wp-block-column-is-layout-flow\">\n<div class=\"wp-block-group is-style-ext-preset--group--natural-1--item-card-1--align-center has-global-padding is-layout-constrained wp-block-group-is-layout-constrained is-style-ext-preset--group--natural-1--item-card-1--align-center--4\">\n<div class=\"wp-block-group is-style-default has-global-padding is-layout-constrained wp-block-group-is-layout-constrained\">\n<figure class=\"wp-block-image aligncenter size-large ext-aspect-landscape wp-duotone-primary-foreground\"><img decoding=\"async\" src=\"data:image\/svg+xml;base64,PHN2ZyB4bWxucz0iaHR0cDovL3d3dy53My5vcmcvMjAwMC9zdmciIHdpZHRoPSI0OCIgaGVpZ2h0PSI0OCIgZmlsbD0iIzAwMDAwMCIgdmlld0JveD0iMCAwIDI1NiAyNTYiPjxwYXRoIGQ9Ik04MCw0MGE0MCw0MCwwLDEsMCw0MCw0MEE0MCw0MCwwLDAsMCw4MCw0MFptMCw2NGEyNCwyNCwwLDEsMSwyNC0yNEEyNCwyNCwwLDAsMSw4MCwxMDRabTk2LDE2YTQwLDQwLDAsMSwwLTQwLTQwQTQwLDQwLDAsMCwwLDE3NiwxMjBabTAtNjRhMjQsMjQsMCwxLDEtMjQsMjRBMjQsMjQsMCwwLDEsMTc2LDU2Wk04MCwxMzZhNDAsNDAsMCwxLDAsNDAsNDBBNDAsNDAsMCwwLDAsODAsMTM2Wm0wLDY0YTI0LDI0LDAsMSwxLDI0LTI0QTI0LDI0LDAsMCwxLDgwLDIwMFptMTM2LTI0YTgsOCwwLDAsMS04LDhIMTg0djI0YTgsOCwwLDAsMS0xNiwwVjE4NEgxNDRhOCw4LDAsMCwxLDAtMTZoMjRWMTQ0YTgsOCwwLDAsMSwxNiwwdjI0aDI0QTgsOCwwLDAsMSwyMTYsMTc2WiI+PC9wYXRoPjwvc3ZnPg==\" alt=\"\" style=\"object-fit:cover\"\/><\/figure>\n\n\n\n<h3 class=\"wp-block-heading has-text-align-center\">Marketing en buscadores (SEM)<\/h3>\n\n\n\n<p class=\"has-text-align-center\">Implementar estrategias de publicidad pagada que maximicen el retorno de la inversi\u00f3n y aumenten la visibilidad de la marca.<\/p>\n<\/div>\n<\/div>\n<\/div>\n<\/div>\n<\/div>\n\n<div class=\"wp-block-group alignfull is-style-ext-preset--group--natural-1--section has-tertiary-background-color has-background has-global-padding is-layout-constrained wp-container-core-group-is-layout-e955bbaf wp-block-group-is-layout-constrained\" id=\"features\" style=\"margin-top:0;margin-bottom:0;padding-top:var(--wp--preset--spacing--70);padding-bottom:var(--wp--preset--spacing--70)\">\n<h2 class=\"wp-block-heading has-text-align-center ext-animate--on\">Descubra nuestros servicios estrat\u00e9gicos<\/h2>\n\n\n\n<p class=\"has-text-align-center ext-animate--on\" style=\"margin-top:1.5rem\">Descubre estrategias digitales personalizadas que impulsan el crecimiento, mejoran la visibilidad y ofrecen resultados medibles para tu negocio.<\/p>\n\n\n\n<div class=\"wp-block-columns alignwide is-layout-flex wp-container-core-columns-is-layout-08c01c1c wp-block-columns-is-layout-flex\">\n<div class=\"wp-block-column ext-animate--on is-layout-flow wp-block-column-is-layout-flow\">\n<div class=\"wp-block-group is-style-ext-preset--group--natural-1--item-card-1--align-center has-global-padding is-layout-constrained wp-block-group-is-layout-constrained is-style-ext-preset--group--natural-1--item-card-1--align-center--6\">\n<figure class=\"wp-block-image\"><img loading=\"lazy\" decoding=\"async\" width=\"1440\" height=\"960\" class=\"wp-image-47\" src=\"https:\/\/holiverstudio.lat\/wp-content\/uploads\/2026\/05\/341b4bddf78d9362d7745c8a208c64c1f78e2c85.jpg\" alt=\"\" style=\"aspect-ratio:4\/3;object-fit:cover\" srcset=\"https:\/\/holiverstudio.lat\/wp-content\/uploads\/2026\/05\/341b4bddf78d9362d7745c8a208c64c1f78e2c85.jpg 1440w, https:\/\/holiverstudio.lat\/wp-content\/uploads\/2026\/05\/341b4bddf78d9362d7745c8a208c64c1f78e2c85-300x200.jpg 300w, https:\/\/holiverstudio.lat\/wp-content\/uploads\/2026\/05\/341b4bddf78d9362d7745c8a208c64c1f78e2c85-1024x683.jpg 1024w, https:\/\/holiverstudio.lat\/wp-content\/uploads\/2026\/05\/341b4bddf78d9362d7745c8a208c64c1f78e2c85-768x512.jpg 768w\" sizes=\"auto, (max-width: 1440px) 100vw, 1440px\" \/><\/figure>\n\n\n\n<div class=\"wp-block-group is-style-default has-global-padding is-layout-constrained wp-block-group-is-layout-constrained\">\n<h3 class=\"wp-block-heading has-text-align-center\">Desarrollo de estrategias SEO<\/h3>\n\n\n\n<p class=\"has-text-align-center\">Elaboramos planes SEO integrales para mejorar el posicionamiento org\u00e1nico y atraer tr\u00e1fico cualificado.<\/p>\n<\/div>\n<\/div>\n<\/div>\n\n\n\n<div class=\"wp-block-column ext-animate--on is-layout-flow wp-block-column-is-layout-flow\">\n<div class=\"wp-block-group is-style-ext-preset--group--natural-1--item-card-1--align-center has-global-padding is-layout-constrained wp-block-group-is-layout-constrained is-style-ext-preset--group--natural-1--item-card-1--align-center--7\">\n<figure class=\"wp-block-image\"><img loading=\"lazy\" decoding=\"async\" width=\"1440\" height=\"960\" class=\"wp-image-48\" src=\"https:\/\/holiverstudio.lat\/wp-content\/uploads\/2026\/05\/ead31f721838d8ece048468d2f0c8db787601cd9.jpg\" alt=\"\" style=\"aspect-ratio:4\/3;object-fit:cover\" srcset=\"https:\/\/holiverstudio.lat\/wp-content\/uploads\/2026\/05\/ead31f721838d8ece048468d2f0c8db787601cd9.jpg 1440w, https:\/\/holiverstudio.lat\/wp-content\/uploads\/2026\/05\/ead31f721838d8ece048468d2f0c8db787601cd9-300x200.jpg 300w, https:\/\/holiverstudio.lat\/wp-content\/uploads\/2026\/05\/ead31f721838d8ece048468d2f0c8db787601cd9-1024x683.jpg 1024w, https:\/\/holiverstudio.lat\/wp-content\/uploads\/2026\/05\/ead31f721838d8ece048468d2f0c8db787601cd9-768x512.jpg 768w\" sizes=\"auto, (max-width: 1440px) 100vw, 1440px\" \/><\/figure>\n\n\n\n<div class=\"wp-block-group is-style-default has-global-padding is-layout-constrained wp-block-group-is-layout-constrained\">\n<h3 class=\"wp-block-heading has-text-align-center\">Gesti\u00f3n de campa\u00f1as SEM<\/h3>\n\n\n\n<p class=\"has-text-align-center\">Optimizar la publicidad de pago para maximizar el retorno de la inversi\u00f3n y aumentar el alcance de la marca de forma eficaz.<\/p>\n<\/div>\n<\/div>\n<\/div>\n\n\n\n<div class=\"wp-block-column ext-animate--on is-layout-flow wp-block-column-is-layout-flow\">\n<div class=\"wp-block-group is-style-ext-preset--group--natural-1--item-card-1--align-center has-global-padding is-layout-constrained wp-block-group-is-layout-constrained is-style-ext-preset--group--natural-1--item-card-1--align-center--8\">\n<figure class=\"wp-block-image\"><img loading=\"lazy\" decoding=\"async\" width=\"1440\" height=\"960\" class=\"wp-image-42\" src=\"https:\/\/holiverstudio.lat\/wp-content\/uploads\/2026\/05\/8e14f86887bc2ea1501cb4632556d44703981064.jpg\" alt=\"\" style=\"aspect-ratio:4\/3;object-fit:cover\" srcset=\"https:\/\/holiverstudio.lat\/wp-content\/uploads\/2026\/05\/8e14f86887bc2ea1501cb4632556d44703981064.jpg 1440w, https:\/\/holiverstudio.lat\/wp-content\/uploads\/2026\/05\/8e14f86887bc2ea1501cb4632556d44703981064-300x200.jpg 300w, https:\/\/holiverstudio.lat\/wp-content\/uploads\/2026\/05\/8e14f86887bc2ea1501cb4632556d44703981064-1024x683.jpg 1024w, https:\/\/holiverstudio.lat\/wp-content\/uploads\/2026\/05\/8e14f86887bc2ea1501cb4632556d44703981064-768x512.jpg 768w\" sizes=\"auto, (max-width: 1440px) 100vw, 1440px\" \/><\/figure>\n\n\n\n<div class=\"wp-block-group is-style-default has-global-padding is-layout-constrained wp-block-group-is-layout-constrained\">\n<h3 class=\"wp-block-heading has-text-align-center\">Soluciones de dise\u00f1o UI\/UX<\/h3>\n\n\n\n<p class=\"has-text-align-center\">Dise\u00f1ar interfaces de usuario intuitivas para mejorar la interacci\u00f3n y la satisfacci\u00f3n del cliente.<\/p>\n<\/div>\n<\/div>\n<\/div>\n<\/div>\n<\/div>\n\n<div class=\"wp-block-group alignfull is-style-ext-preset--group--natural-1--section has-background-background-color has-background has-global-padding is-layout-constrained wp-container-core-group-is-layout-e955bbaf wp-block-group-is-layout-constrained\" style=\"margin-top:0;margin-bottom:0;padding-top:var(--wp--preset--spacing--70);padding-bottom:var(--wp--preset--spacing--70)\">\n<div class=\"wp-block-media-text alignwide is-stacked-on-mobile is-image-fill-element is-style-ext-preset--media-text--natural-1--card-1 ext-animate--on has-tertiary-background-color has-background is-style-ext-preset--media-text--natural-1--card-1--10\"><figure class=\"wp-block-media-text__media\"><img loading=\"lazy\" decoding=\"async\" width=\"960\" height=\"1440\" class=\"wp-image-39 size-full\" src=\"https:\/\/holiverstudio.lat\/wp-content\/uploads\/2026\/05\/bcfe82002fb41a0d2573f6b5d401f5e7ed70701d.jpg\" alt=\"\" style=\"object-position:50% 50%\" srcset=\"https:\/\/holiverstudio.lat\/wp-content\/uploads\/2026\/05\/bcfe82002fb41a0d2573f6b5d401f5e7ed70701d.jpg 960w, https:\/\/holiverstudio.lat\/wp-content\/uploads\/2026\/05\/bcfe82002fb41a0d2573f6b5d401f5e7ed70701d-200x300.jpg 200w, https:\/\/holiverstudio.lat\/wp-content\/uploads\/2026\/05\/bcfe82002fb41a0d2573f6b5d401f5e7ed70701d-683x1024.jpg 683w, https:\/\/holiverstudio.lat\/wp-content\/uploads\/2026\/05\/bcfe82002fb41a0d2573f6b5d401f5e7ed70701d-768x1152.jpg 768w\" sizes=\"auto, (max-width: 960px) 100vw, 960px\" \/><\/figure><div class=\"wp-block-media-text__content\">\n<div class=\"wp-block-group alignwide is-vertical is-layout-flex wp-container-core-group-is-layout-53474e87 wp-block-group-is-layout-flex\" style=\"padding-top:var(--wp--preset--spacing--60);padding-bottom:var(--wp--preset--spacing--60)\">\n<div class=\"wp-block-group has-global-padding is-layout-constrained wp-container-core-group-is-layout-812d5580 wp-block-group-is-layout-constrained\" style=\"padding-top:0;padding-right:0;padding-bottom:0;padding-left:0\">\n<h2 class=\"wp-block-heading\">Comienza ahora tu camino hacia la estrategia digital.<\/h2>\n\n\n\n<p>Descubre estrategias digitales personalizadas dise\u00f1adas para potenciar tu presencia online e impulsar un crecimiento medible. Aprovecha nuestras soluciones expertas y transforma el potencial de tu marca.<\/p>\n<\/div>\n\n\n\n<div class=\"wp-block-buttons is-layout-flex wp-block-buttons-is-layout-flex\">\n<div class=\"wp-block-button is-style-ext-preset--button--natural-1--button-1 is-style-ext-preset--button--natural-1--button-1--11\"><a class=\"wp-block-button__link wp-element-button\" href=\"https:\/\/holiverstudio.lat\/es\/contact\/\">Descubra soluciones<\/a><\/div>\n<\/div>\n<\/div>\n<\/div><\/div>\n<\/div>","protected":false},"excerpt":{"rendered":"<p>Comprehensive Digital Strategy Solutions Explore our expert services, each crafted to drive measurable success and enhance your digital presence. Search Engine Optimization (SEO) Optimize your website to rank higher in search results and attract targeted organic traffic. User Interface &#038; Experience Design Create intuitive, engaging designs that improve user satisfaction and boost conversion rates. Search [&hellip;]<\/p>\n","protected":false},"author":1,"featured_media":0,"parent":0,"menu_order":0,"comment_status":"closed","ping_status":"closed","template":"page-with-title","meta":{"footnotes":""},"class_list":["post-18","page","type-page","status-publish","hentry"],"_links":{"self":[{"href":"https:\/\/holiverstudio.lat\/es\/wp-json\/wp\/v2\/pages\/18","targetHints":{"allow":["GET"]}}],"collection":[{"href":"https:\/\/holiverstudio.lat\/es\/wp-json\/wp\/v2\/pages"}],"about":[{"href":"https:\/\/holiverstudio.lat\/es\/wp-json\/wp\/v2\/types\/page"}],"author":[{"embeddable":true,"href":"https:\/\/holiverstudio.lat\/es\/wp-json\/wp\/v2\/users\/1"}],"replies":[{"embeddable":true,"href":"https:\/\/holiverstudio.lat\/es\/wp-json\/wp\/v2\/comments?post=18"}],"version-history":[{"count":2,"href":"https:\/\/holiverstudio.lat\/es\/wp-json\/wp\/v2\/pages\/18\/revisions"}],"predecessor-version":[{"id":49,"href":"https:\/\/holiverstudio.lat\/es\/wp-json\/wp\/v2\/pages\/18\/revisions\/49"}],"wp:attachment":[{"href":"https:\/\/holiverstudio.lat\/es\/wp-json\/wp\/v2\/media?parent=18"}],"curies":[{"name":"wp","href":"https:\/\/api.w.org\/{rel}","templated":true}]}}